{"id":93,"date":"2020-02-19T16:09:17","date_gmt":"2020-02-19T15:09:17","guid":{"rendered":"http:\/\/www.mark.com.pl\/?page_id=93"},"modified":"2025-08-26T10:23:52","modified_gmt":"2025-08-26T08:23:52","slug":"nasza-flota","status":"publish","type":"page","link":"https:\/\/www.mark.com.pl\/de\/nasza-flota\/","title":{"rendered":"Unser Fuhrpark"},"content":{"rendered":"<p><\/p>\n<h1>Unser Fuhrpark<\/h1>\n<p>&nbsp;<\/p>\n<p>Wir haben MERCEDES Zugmaschinen und KRONE Auflieger (Mega-Tautliner, 3m Innenhoehe, Edscha-Hubdach)<\/p>\n<p>&nbsp;<\/p>\n<p>Die Frachtraumfl\u00e4che unserer Sattelauflieger betr\u00e4gt 103 m?, die H\u00f6he: 3,02 m. Die ganze Transportflotte wird mit modernen Technologien verwaltet [GPS]. Unseren Kunden garantieren wir eine sichere und rechtzeitige Auslieferung der Waren. Wir sind jederzeit im Stande Ihnen Auskunft dar\u00fcber zu geben, wo sich die Fracht zu einem beliebigen Zeitpunkt befindet. Wir garantieren die Sicherheit der Lieferung dank unserer eigenen Flotte und der engen Zusammenarbeit mit folgenden Logistikunternehmen: DHL FREIGHT, DHL EXPRESS, DB SCHENKER, DASCHER, TNT u.a.<\/p>\n<p>&nbsp;<\/p>\n<p>&nbsp;<\/p>\n<p><div class=\"ngg-galleria-parent \"\n     data-id=\"80f7bba0abc1804bcaf81ff77acf28b2\"\n     id=\"displayed_gallery_80f7bba0abc1804bcaf81ff77acf28b2\">\n\t<div class=\"ngg-galleria\"><\/div>\n\n    <div class=\"ngg-galleria-offscreen-seo-wrapper\">\n                    <a href=\"https:\/\/www.mark.com.pl\/wp-content\/gallery\/nasza-flota\/3.jpg\"\n               title=\"\"\n               data-src=\"https:\/\/www.mark.com.pl\/wp-content\/gallery\/nasza-flota\/3.jpg\"\n               data-thumbnail=\"https:\/\/www.mark.com.pl\/wp-content\/gallery\/nasza-flota\/thumbs\/thumbs_3.jpg\"\n               data-image-id=\"18\"\n               data-title=\"3\"\n               data-description=\"\"\n                class='nextgen_pro_lightbox' data-nplmodal-gallery-id='80f7bba0abc1804bcaf81ff77acf28b2'>\n                <picture>\n\t\n<source srcset='https:\/\/www.mark.com.pl\/wp-content\/gallery\/nasza-flota\/3.jpg, https:\/\/www.mark.com.pl\/wp-content\/gallery\/nasza-flota\/cache\/3.jpg-nggid0218-ngg0dyn-1600x1200x100-00f0w010c010r110f110r010t010.jpg 2x' media=''>\n<img title=\"3\" alt=\"3\" width=\"1600\" height=\"1200\" style=\"max-width:1600px;max-height:1200px\" src=\"https:\/\/www.mark.com.pl\/wp-content\/gallery\/nasza-flota\/3.jpg\" srcset=\"https:\/\/www.mark.com.pl\/wp-content\/gallery\/nasza-flota\/3.jpg, https:\/\/www.mark.com.pl\/wp-content\/gallery\/nasza-flota\/cache\/3.jpg-nggid0218-ngg0dyn-1600x1200x100-00f0w010c010r110f110r010t010.jpg 2x\" onerror=\"nggRetryFailedImage(this);\"\/>\n<\/picture>            <\/a>\n                        <a href=\"https:\/\/www.mark.com.pl\/wp-content\/gallery\/nasza-flota\/20170103_134702.jpg\"\n               title=\"\"\n               data-src=\"https:\/\/www.mark.com.pl\/wp-content\/gallery\/nasza-flota\/20170103_134702.jpg\"\n               data-thumbnail=\"https:\/\/www.mark.com.pl\/wp-content\/gallery\/nasza-flota\/thumbs\/thumbs_20170103_134702.jpg\"\n               data-image-id=\"19\"\n               data-title=\"20170103_134702\"\n               data-description=\"\"\n                class='nextgen_pro_lightbox' data-nplmodal-gallery-id='80f7bba0abc1804bcaf81ff77acf28b2'>\n                <picture>\n\t\n<source srcset='https:\/\/www.mark.com.pl\/wp-content\/gallery\/nasza-flota\/20170103_134702.jpg, https:\/\/www.mark.com.pl\/wp-content\/gallery\/nasza-flota\/cache\/20170103_134702.jpg-nggid0219-ngg0dyn-1600x1200x100-00f0w010c010r110f110r010t010.jpg 2x' media=''>\n<img title=\"20170103_134702\" alt=\"20170103_134702\" width=\"1600\" height=\"1200\" style=\"max-width:1600px;max-height:1200px\" src=\"https:\/\/www.mark.com.pl\/wp-content\/gallery\/nasza-flota\/20170103_134702.jpg\" srcset=\"https:\/\/www.mark.com.pl\/wp-content\/gallery\/nasza-flota\/20170103_134702.jpg, https:\/\/www.mark.com.pl\/wp-content\/gallery\/nasza-flota\/cache\/20170103_134702.jpg-nggid0219-ngg0dyn-1600x1200x100-00f0w010c010r110f110r010t010.jpg 2x\" onerror=\"nggRetryFailedImage(this);\"\/>\n<\/picture>            <\/a>\n                        <a href=\"https:\/\/www.mark.com.pl\/wp-content\/gallery\/nasza-flota\/flota4.jpg\"\n               title=\"\"\n               data-src=\"https:\/\/www.mark.com.pl\/wp-content\/gallery\/nasza-flota\/flota4.jpg\"\n               data-thumbnail=\"https:\/\/www.mark.com.pl\/wp-content\/gallery\/nasza-flota\/thumbs\/thumbs_flota4.jpg\"\n               data-image-id=\"8\"\n               data-title=\"flota4\"\n               data-description=\"\"\n                class='nextgen_pro_lightbox' data-nplmodal-gallery-id='80f7bba0abc1804bcaf81ff77acf28b2'>\n                <picture>\n\t\n<source srcset='https:\/\/www.mark.com.pl\/wp-content\/gallery\/nasza-flota\/flota4.jpg, https:\/\/www.mark.com.pl\/wp-content\/gallery\/nasza-flota\/cache\/flota4.jpg-nggid018-ngg0dyn-1200x800x100-00f0w010c010r110f110r010t010.jpg 2x' media=''>\n<img title=\"flota4\" alt=\"flota4\" width=\"1200\" height=\"800\" style=\"max-width:1200px;max-height:800px\" src=\"https:\/\/www.mark.com.pl\/wp-content\/gallery\/nasza-flota\/flota4.jpg\" srcset=\"https:\/\/www.mark.com.pl\/wp-content\/gallery\/nasza-flota\/flota4.jpg, https:\/\/www.mark.com.pl\/wp-content\/gallery\/nasza-flota\/cache\/flota4.jpg-nggid018-ngg0dyn-1200x800x100-00f0w010c010r110f110r010t010.jpg 2x\" onerror=\"nggRetryFailedImage(this);\"\/>\n<\/picture>            <\/a>\n                        <a href=\"https:\/\/www.mark.com.pl\/wp-content\/gallery\/nasza-flota\/flota2.jpg\"\n               title=\"\"\n               data-src=\"https:\/\/www.mark.com.pl\/wp-content\/gallery\/nasza-flota\/flota2.jpg\"\n               data-thumbnail=\"https:\/\/www.mark.com.pl\/wp-content\/gallery\/nasza-flota\/thumbs\/thumbs_flota2.jpg\"\n               data-image-id=\"6\"\n               data-title=\"flota2\"\n               data-description=\"\"\n                class='nextgen_pro_lightbox' data-nplmodal-gallery-id='80f7bba0abc1804bcaf81ff77acf28b2'>\n                <picture>\n\t\n<source srcset='https:\/\/www.mark.com.pl\/wp-content\/gallery\/nasza-flota\/flota2.jpg, https:\/\/www.mark.com.pl\/wp-content\/gallery\/nasza-flota\/cache\/flota2.jpg-nggid016-ngg0dyn-1200x799x100-00f0w010c010r110f110r010t010.jpg 2x' media=''>\n<img title=\"flota2\" alt=\"flota2\" width=\"1200\" height=\"799\" style=\"max-width:1200px;max-height:799px\" src=\"https:\/\/www.mark.com.pl\/wp-content\/gallery\/nasza-flota\/flota2.jpg\" srcset=\"https:\/\/www.mark.com.pl\/wp-content\/gallery\/nasza-flota\/flota2.jpg, https:\/\/www.mark.com.pl\/wp-content\/gallery\/nasza-flota\/cache\/flota2.jpg-nggid016-ngg0dyn-1200x799x100-00f0w010c010r110f110r010t010.jpg 2x\" onerror=\"nggRetryFailedImage(this);\"\/>\n<\/picture>            <\/a>\n                        <a href=\"https:\/\/www.mark.com.pl\/wp-content\/gallery\/nasza-flota\/flota5.jpg\"\n               title=\"\"\n               data-src=\"https:\/\/www.mark.com.pl\/wp-content\/gallery\/nasza-flota\/flota5.jpg\"\n               data-thumbnail=\"https:\/\/www.mark.com.pl\/wp-content\/gallery\/nasza-flota\/thumbs\/thumbs_flota5.jpg\"\n               data-image-id=\"9\"\n               data-title=\"flota5\"\n               data-description=\"\"\n                class='nextgen_pro_lightbox' data-nplmodal-gallery-id='80f7bba0abc1804bcaf81ff77acf28b2'>\n                <picture>\n\t\n<source srcset='https:\/\/www.mark.com.pl\/wp-content\/gallery\/nasza-flota\/flota5.jpg, https:\/\/www.mark.com.pl\/wp-content\/gallery\/nasza-flota\/cache\/flota5.jpg-nggid019-ngg0dyn-1200x800x100-00f0w010c010r110f110r010t010.jpg 2x' media=''>\n<img title=\"flota5\" alt=\"flota5\" width=\"1200\" height=\"800\" style=\"max-width:1200px;max-height:800px\" src=\"https:\/\/www.mark.com.pl\/wp-content\/gallery\/nasza-flota\/flota5.jpg\" srcset=\"https:\/\/www.mark.com.pl\/wp-content\/gallery\/nasza-flota\/flota5.jpg, https:\/\/www.mark.com.pl\/wp-content\/gallery\/nasza-flota\/cache\/flota5.jpg-nggid019-ngg0dyn-1200x800x100-00f0w010c010r110f110r010t010.jpg 2x\" onerror=\"nggRetryFailedImage(this);\"\/>\n<\/picture>            <\/a>\n                        <a href=\"https:\/\/www.mark.com.pl\/wp-content\/gallery\/nasza-flota\/flota1.jpg\"\n               title=\"\"\n               data-src=\"https:\/\/www.mark.com.pl\/wp-content\/gallery\/nasza-flota\/flota1.jpg\"\n               data-thumbnail=\"https:\/\/www.mark.com.pl\/wp-content\/gallery\/nasza-flota\/thumbs\/thumbs_flota1.jpg\"\n               data-image-id=\"5\"\n               data-title=\"flota1\"\n               data-description=\"\"\n                class='nextgen_pro_lightbox' data-nplmodal-gallery-id='80f7bba0abc1804bcaf81ff77acf28b2'>\n                <picture>\n\t\n<source srcset='https:\/\/www.mark.com.pl\/wp-content\/gallery\/nasza-flota\/flota1.jpg, https:\/\/www.mark.com.pl\/wp-content\/gallery\/nasza-flota\/cache\/flota1.jpg-nggid015-ngg0dyn-1200x800x100-00f0w010c010r110f110r010t010.jpg 2x' media=''>\n<img title=\"flota1\" alt=\"flota1\" width=\"1200\" height=\"800\" style=\"max-width:1200px;max-height:800px\" src=\"https:\/\/www.mark.com.pl\/wp-content\/gallery\/nasza-flota\/flota1.jpg\" srcset=\"https:\/\/www.mark.com.pl\/wp-content\/gallery\/nasza-flota\/flota1.jpg, https:\/\/www.mark.com.pl\/wp-content\/gallery\/nasza-flota\/cache\/flota1.jpg-nggid015-ngg0dyn-1200x800x100-00f0w010c010r110f110r010t010.jpg 2x\" onerror=\"nggRetryFailedImage(this);\"\/>\n<\/picture>            <\/a>\n                        <a href=\"https:\/\/www.mark.com.pl\/wp-content\/gallery\/nasza-flota\/flota3.jpg\"\n               title=\"\"\n               data-src=\"https:\/\/www.mark.com.pl\/wp-content\/gallery\/nasza-flota\/flota3.jpg\"\n               data-thumbnail=\"https:\/\/www.mark.com.pl\/wp-content\/gallery\/nasza-flota\/thumbs\/thumbs_flota3.jpg\"\n               data-image-id=\"7\"\n               data-title=\"flota3\"\n               data-description=\"\"\n                class='nextgen_pro_lightbox' data-nplmodal-gallery-id='80f7bba0abc1804bcaf81ff77acf28b2'>\n                <picture>\n\t\n<source srcset='https:\/\/www.mark.com.pl\/wp-content\/gallery\/nasza-flota\/flota3.jpg, https:\/\/www.mark.com.pl\/wp-content\/gallery\/nasza-flota\/cache\/flota3.jpg-nggid017-ngg0dyn-1200x800x100-00f0w010c010r110f110r010t010.jpg 2x' media=''>\n<img title=\"flota3\" alt=\"flota3\" width=\"1200\" height=\"800\" style=\"max-width:1200px;max-height:800px\" src=\"https:\/\/www.mark.com.pl\/wp-content\/gallery\/nasza-flota\/flota3.jpg\" srcset=\"https:\/\/www.mark.com.pl\/wp-content\/gallery\/nasza-flota\/flota3.jpg, https:\/\/www.mark.com.pl\/wp-content\/gallery\/nasza-flota\/cache\/flota3.jpg-nggid017-ngg0dyn-1200x800x100-00f0w010c010r110f110r010t010.jpg 2x\" onerror=\"nggRetryFailedImage(this);\"\/>\n<\/picture>            <\/a>\n                        <a href=\"https:\/\/www.mark.com.pl\/wp-content\/gallery\/nasza-flota\/flota6.jpg\"\n               title=\"\"\n               data-src=\"https:\/\/www.mark.com.pl\/wp-content\/gallery\/nasza-flota\/flota6.jpg\"\n               data-thumbnail=\"https:\/\/www.mark.com.pl\/wp-content\/gallery\/nasza-flota\/thumbs\/thumbs_flota6.jpg\"\n               data-image-id=\"10\"\n               data-title=\"flota6\"\n               data-description=\"\"\n                class='nextgen_pro_lightbox' data-nplmodal-gallery-id='80f7bba0abc1804bcaf81ff77acf28b2'>\n                <picture>\n\t\n<source srcset='https:\/\/www.mark.com.pl\/wp-content\/gallery\/nasza-flota\/flota6.jpg, https:\/\/www.mark.com.pl\/wp-content\/gallery\/nasza-flota\/cache\/flota6.jpg-nggid0210-ngg0dyn-1200x900x100-00f0w010c010r110f110r010t010.jpg 2x' media=''>\n<img title=\"flota6\" alt=\"flota6\" width=\"1200\" height=\"900\" style=\"max-width:1200px;max-height:900px\" src=\"https:\/\/www.mark.com.pl\/wp-content\/gallery\/nasza-flota\/flota6.jpg\" srcset=\"https:\/\/www.mark.com.pl\/wp-content\/gallery\/nasza-flota\/flota6.jpg, https:\/\/www.mark.com.pl\/wp-content\/gallery\/nasza-flota\/cache\/flota6.jpg-nggid0210-ngg0dyn-1200x900x100-00f0w010c010r110f110r010t010.jpg 2x\" onerror=\"nggRetryFailedImage(this);\"\/>\n<\/picture>            <\/a>\n                        <a href=\"https:\/\/www.mark.com.pl\/wp-content\/gallery\/nasza-flota\/flota7.jpg\"\n               title=\"\"\n               data-src=\"https:\/\/www.mark.com.pl\/wp-content\/gallery\/nasza-flota\/flota7.jpg\"\n               data-thumbnail=\"https:\/\/www.mark.com.pl\/wp-content\/gallery\/nasza-flota\/thumbs\/thumbs_flota7.jpg\"\n               data-image-id=\"11\"\n               data-title=\"flota7\"\n               data-description=\"\"\n                class='nextgen_pro_lightbox' data-nplmodal-gallery-id='80f7bba0abc1804bcaf81ff77acf28b2'>\n                <picture>\n\t\n<source srcset='https:\/\/www.mark.com.pl\/wp-content\/gallery\/nasza-flota\/flota7.jpg, https:\/\/www.mark.com.pl\/wp-content\/gallery\/nasza-flota\/cache\/flota7.jpg-nggid0211-ngg0dyn-1200x800x100-00f0w010c010r110f110r010t010.jpg 2x' media=''>\n<img title=\"flota7\" alt=\"flota7\" width=\"1200\" height=\"800\" style=\"max-width:1200px;max-height:800px\" src=\"https:\/\/www.mark.com.pl\/wp-content\/gallery\/nasza-flota\/flota7.jpg\" srcset=\"https:\/\/www.mark.com.pl\/wp-content\/gallery\/nasza-flota\/flota7.jpg, https:\/\/www.mark.com.pl\/wp-content\/gallery\/nasza-flota\/cache\/flota7.jpg-nggid0211-ngg0dyn-1200x800x100-00f0w010c010r110f110r010t010.jpg 2x\" onerror=\"nggRetryFailedImage(this);\"\/>\n<\/picture>            <\/a>\n                        <a href=\"https:\/\/www.mark.com.pl\/wp-content\/gallery\/nasza-flota\/20170104_113520.jpg\"\n               title=\"\"\n               data-src=\"https:\/\/www.mark.com.pl\/wp-content\/gallery\/nasza-flota\/20170104_113520.jpg\"\n               data-thumbnail=\"https:\/\/www.mark.com.pl\/wp-content\/gallery\/nasza-flota\/thumbs\/thumbs_20170104_113520.jpg\"\n               data-image-id=\"20\"\n               data-title=\"20170104_113520\"\n               data-description=\"\"\n                class='nextgen_pro_lightbox' data-nplmodal-gallery-id='80f7bba0abc1804bcaf81ff77acf28b2'>\n                <picture>\n\t\n<source srcset='https:\/\/www.mark.com.pl\/wp-content\/gallery\/nasza-flota\/20170104_113520.jpg, https:\/\/www.mark.com.pl\/wp-content\/gallery\/nasza-flota\/cache\/20170104_113520.jpg-nggid0220-ngg0dyn-1600x900x100-00f0w010c010r110f110r010t010.jpg 2x' media=''>\n<img title=\"20170104_113520\" alt=\"20170104_113520\" width=\"1600\" height=\"900\" style=\"max-width:1600px;max-height:900px\" src=\"https:\/\/www.mark.com.pl\/wp-content\/gallery\/nasza-flota\/20170104_113520.jpg\" srcset=\"https:\/\/www.mark.com.pl\/wp-content\/gallery\/nasza-flota\/20170104_113520.jpg, https:\/\/www.mark.com.pl\/wp-content\/gallery\/nasza-flota\/cache\/20170104_113520.jpg-nggid0220-ngg0dyn-1600x900x100-00f0w010c010r110f110r010t010.jpg 2x\" onerror=\"nggRetryFailedImage(this);\"\/>\n<\/picture>            <\/a>\n                        <a href=\"https:\/\/www.mark.com.pl\/wp-content\/gallery\/nasza-flota\/20170104_1132070.jpg\"\n               title=\"\"\n               data-src=\"https:\/\/www.mark.com.pl\/wp-content\/gallery\/nasza-flota\/20170104_1132070.jpg\"\n               data-thumbnail=\"https:\/\/www.mark.com.pl\/wp-content\/gallery\/nasza-flota\/thumbs\/thumbs_20170104_1132070.jpg\"\n               data-image-id=\"21\"\n               data-title=\"20170104_1132070\"\n               data-description=\"\"\n                class='nextgen_pro_lightbox' data-nplmodal-gallery-id='80f7bba0abc1804bcaf81ff77acf28b2'>\n                <picture>\n\t\n<source srcset='https:\/\/www.mark.com.pl\/wp-content\/gallery\/nasza-flota\/20170104_1132070.jpg, https:\/\/www.mark.com.pl\/wp-content\/gallery\/nasza-flota\/cache\/20170104_1132070.jpg-nggid0221-ngg0dyn-1600x900x100-00f0w010c010r110f110r010t010.jpg 2x' media=''>\n<img title=\"20170104_1132070\" alt=\"20170104_1132070\" width=\"1600\" height=\"900\" style=\"max-width:1600px;max-height:900px\" src=\"https:\/\/www.mark.com.pl\/wp-content\/gallery\/nasza-flota\/20170104_1132070.jpg\" srcset=\"https:\/\/www.mark.com.pl\/wp-content\/gallery\/nasza-flota\/20170104_1132070.jpg, https:\/\/www.mark.com.pl\/wp-content\/gallery\/nasza-flota\/cache\/20170104_1132070.jpg-nggid0221-ngg0dyn-1600x900x100-00f0w010c010r110f110r010t010.jpg 2x\" onerror=\"nggRetryFailedImage(this);\"\/>\n<\/picture>            <\/a>\n                <\/div>\n<\/div>\n<div class='ngg-trigger-buttons'>\n<i class='fa ngg-trigger nextgen_pro_lightbox fa-share-square' data-nplmodal-gallery-id='80f7bba0abc1804bcaf81ff77acf28b2'><\/i>\n<i class='fa ngg-trigger nextgen_pro_lightbox fa-comment' data-nplmodal-gallery-id='80f7bba0abc1804bcaf81ff77acf28b2' data-nplmodal-show-comments='1'><\/i>\n<\/div>&nbsp;<\/p>","protected":false},"excerpt":{"rendered":"<p>Unser Fuhrpark &nbsp; Wir haben MERCEDES Zugmaschinen und KRONE Auflieger (Mega-Tautliner, 3m Innenhoehe, Edscha-Hubdach) &nbsp; Die Frachtraumfl\u00e4che unserer Sattelauflieger betr\u00e4gt 103 m?, die H\u00f6he: 3,02 m. Die ganze Transportflotte wird mit modernen Technologien verwaltet [GPS]. Unseren Kunden garantieren wir eine sichere und [&hellip;]<\/p>\n","protected":false},"author":1,"featured_media":0,"parent":0,"menu_order":0,"comment_status":"closed","ping_status":"closed","template":"","meta":{"ngg_post_thumbnail":0},"aioseo_notices":[],"_links":{"self":[{"href":"https:\/\/www.mark.com.pl\/de\/wp-json\/wp\/v2\/pages\/93"}],"collection":[{"href":"https:\/\/www.mark.com.pl\/de\/wp-json\/wp\/v2\/pages"}],"about":[{"href":"https:\/\/www.mark.com.pl\/de\/wp-json\/wp\/v2\/types\/page"}],"author":[{"embeddable":true,"href":"https:\/\/www.mark.com.pl\/de\/wp-json\/wp\/v2\/users\/1"}],"replies":[{"embeddable":true,"href":"https:\/\/www.mark.com.pl\/de\/wp-json\/wp\/v2\/comments?post=93"}],"version-history":[{"count":17,"href":"https:\/\/www.mark.com.pl\/de\/wp-json\/wp\/v2\/pages\/93\/revisions"}],"predecessor-version":[{"id":866,"href":"https:\/\/www.mark.com.pl\/de\/wp-json\/wp\/v2\/pages\/93\/revisions\/866"}],"wp:attachment":[{"href":"https:\/\/www.mark.com.pl\/de\/wp-json\/wp\/v2\/media?parent=93"}],"curies":[{"name":"wp","href":"https:\/\/api.w.org\/{rel}","templated":true}]}}