{"id":888,"date":"2025-09-29T08:10:59","date_gmt":"2025-09-29T06:10:59","guid":{"rendered":"https:\/\/www.mark.com.pl\/?page_id=888"},"modified":"2026-01-23T09:51:30","modified_gmt":"2026-01-23T08:51:30","slug":"dla-msp","status":"publish","type":"page","link":"https:\/\/www.mark.com.pl\/de\/magazynowanie\/dla-msp\/","title":{"rendered":"(Polski) Magazyn dla Ma\u0142ych i \u015arednich Przedsi\u0119biorstw"},"content":{"rendered":"<p class=\"qtranxs-available-languages-message qtranxs-available-languages-message-de\">Leider ist der Eintrag nur auf <a href=\"https:\/\/www.mark.com.pl\/pl\/wp-json\/wp\/v2\/pages\/888\" class=\"qtranxs-available-language-link qtranxs-available-language-link-pl\" title=\"Polski\">Polnisch<\/a> und <a href=\"https:\/\/www.mark.com.pl\/en\/wp-json\/wp\/v2\/pages\/888\" class=\"qtranxs-available-language-link qtranxs-available-language-link-en\" title=\"English\">Amerikanisches Englisch<\/a> verf\u00fcgbar.<\/p>","protected":false},"excerpt":{"rendered":"<p>Leider ist der Eintrag nur auf Polnisch und Amerikanisches Englisch verf\u00fcgbar.<\/p>\n","protected":false},"author":2,"featured_media":0,"parent":89,"menu_order":0,"comment_status":"closed","ping_status":"closed","template":"","meta":{"ngg_post_thumbnail":0},"aioseo_notices":[],"_links":{"self":[{"href":"https:\/\/www.mark.com.pl\/de\/wp-json\/wp\/v2\/pages\/888"}],"collection":[{"href":"https:\/\/www.mark.com.pl\/de\/wp-json\/wp\/v2\/pages"}],"about":[{"href":"https:\/\/www.mark.com.pl\/de\/wp-json\/wp\/v2\/types\/page"}],"author":[{"embeddable":true,"href":"https:\/\/www.mark.com.pl\/de\/wp-json\/wp\/v2\/users\/2"}],"replies":[{"embeddable":true,"href":"https:\/\/www.mark.com.pl\/de\/wp-json\/wp\/v2\/comments?post=888"}],"version-history":[{"count":9,"href":"https:\/\/www.mark.com.pl\/de\/wp-json\/wp\/v2\/pages\/888\/revisions"}],"predecessor-version":[{"id":1113,"href":"https:\/\/www.mark.com.pl\/de\/wp-json\/wp\/v2\/pages\/888\/revisions\/1113"}],"up":[{"embeddable":true,"href":"https:\/\/www.mark.com.pl\/de\/wp-json\/wp\/v2\/pages\/89"}],"wp:attachment":[{"href":"https:\/\/www.mark.com.pl\/de\/wp-json\/wp\/v2\/media?parent=888"}],"curies":[{"name":"wp","href":"https:\/\/api.w.org\/{rel}","templated":true}]}}