{"id":67,"date":"2020-02-19T15:30:50","date_gmt":"2020-02-19T14:30:50","guid":{"rendered":"http:\/\/www.mark.com.pl\/?page_id=67"},"modified":"2025-07-11T19:19:10","modified_gmt":"2025-07-11T17:19:10","slug":"o-firmie","status":"publish","type":"page","link":"https:\/\/www.mark.com.pl\/de\/o-firmie\/","title":{"rendered":"\u00dcber uns"},"content":{"rendered":"<p><\/p>\n<h1>\u00dcber uns<\/h1>\n<p>&nbsp;<\/p>\n<p><strong><img loading=\"lazy\" class=\"alignright size-full wp-image-176\" src=\"http:\/\/www.mark.com.pl\/wp-content\/uploads\/2020\/02\/mark-spedition.jpg\" alt=\"\" width=\"900\" height=\"600\"><\/strong><\/p>\n<p><strong>MARK SPEDITION<\/strong> Sp. z o.o. (GmbH) ist ein Unternehmen mit gro\u00dfe&nbsp;Erfahrung, das Dienstleistungen im Bereich Transport und Spedition seit 1998 im In- und Ausland erbringt.&nbsp;Unser Unternehmen gew\u00e4hrleistet die komplette Durchf\u00fchrung des Logistikprozesses: ab dem Speditionsauftrag \u00fcbernehmen wir die Frachtabholung, die Zollabwicklung, die Lagerung, die Konfektionierung und zuletzt die korrekte Auslieferung an den Empf\u00e4nger. Dar\u00fcber hinaus gew\u00e4hrleisten wir eine professionelle Beratung beispielsweise bei Fragen zu Transportoptionen, Zollabwicklungsorten, G\u00fcterverzollungen und Lagerungsm\u00f6glichkeiten.<\/p>\n<p>&nbsp;<\/p>\n<p>Im Bereich Transport und Logistik sind wir Experten, deswegen stehen wir unseren Kunden auf allen Etappen des Dienstleistungsablaufes stets beratend und verl\u00e4sslich zur Seite.&nbsp;MARK SPEDITION hat klare Entwicklungsvisionen, die sie seit Jahren verfolgt und verwirklicht werden. Eine der Voraussetzungen dazu ist die best\u00e4ndige Expansion unseres Unternehmens.&nbsp;So er\u00f6ffneten wir im Jahr 2011 ein modernes Lager- und Distributionszentrum. Aus diesem Grund sind wir in der Lage unseren Kunden alle Facetten moderner Logistik wie Lagerhaltung, Umladen, Cross-docking und Zolldienstleistung zuverl\u00e4ssig zu garantieren.&nbsp;Als n\u00e4chster Schritt unserer Entwicklung dient der Handel mit Motor\u00f6l- und Filterprodukten. In diesem Bereich kooperieren wir mit bekannten Marken, beispielsweise als autorisierter Gro\u00dfh\u00e4ndler des Mineral\u00f6lkonzerns Shell.&nbsp;In naher Zukunft planen wir unseren Kunden einen Zolllagerraum und Steuerlager zur Verf\u00fcgung zu stellen, um unser Angebot weiter zu optimieren.<\/p>\n<p>&nbsp;<\/p>\n<p>&nbsp;<\/p>\n<p>&nbsp;<\/p>\n<p><iframe src=\"\/\/www.youtube.com\/embed\/yKNqsFds4kQ\" width=\"100%\" height=\"600\" allowfullscreen=\"allowfullscreen\"><span style=\"display: inline-block; width: 0px; overflow: hidden; line-height: 0;\" data-mce-type=\"bookmark\" class=\"mce_SELRES_start\">?<\/span><\/iframe><\/p>","protected":false},"excerpt":{"rendered":"<p>\u00dcber uns &nbsp; MARK SPEDITION Sp. z o.o. (GmbH) ist ein Unternehmen mit gro\u00dfe&nbsp;Erfahrung, das Dienstleistungen im Bereich Transport und Spedition seit 1998 im In- und Ausland erbringt.&nbsp;Unser Unternehmen gew\u00e4hrleistet die komplette Durchf\u00fchrung des Logistikprozesses: ab dem Speditionsauftrag \u00fcbernehmen wir die Frachtabholung, [&hellip;]<\/p>\n","protected":false},"author":1,"featured_media":0,"parent":0,"menu_order":0,"comment_status":"closed","ping_status":"closed","template":"","meta":{"ngg_post_thumbnail":0},"aioseo_notices":[],"_links":{"self":[{"href":"https:\/\/www.mark.com.pl\/de\/wp-json\/wp\/v2\/pages\/67"}],"collection":[{"href":"https:\/\/www.mark.com.pl\/de\/wp-json\/wp\/v2\/pages"}],"about":[{"href":"https:\/\/www.mark.com.pl\/de\/wp-json\/wp\/v2\/types\/page"}],"author":[{"embeddable":true,"href":"https:\/\/www.mark.com.pl\/de\/wp-json\/wp\/v2\/users\/1"}],"replies":[{"embeddable":true,"href":"https:\/\/www.mark.com.pl\/de\/wp-json\/wp\/v2\/comments?post=67"}],"version-history":[{"count":11,"href":"https:\/\/www.mark.com.pl\/de\/wp-json\/wp\/v2\/pages\/67\/revisions"}],"predecessor-version":[{"id":737,"href":"https:\/\/www.mark.com.pl\/de\/wp-json\/wp\/v2\/pages\/67\/revisions\/737"}],"wp:attachment":[{"href":"https:\/\/www.mark.com.pl\/de\/wp-json\/wp\/v2\/media?parent=67"}],"curies":[{"name":"wp","href":"https:\/\/api.w.org\/{rel}","templated":true}]}}