{"id":53,"date":"2020-02-19T15:21:56","date_gmt":"2020-02-19T14:21:56","guid":{"rendered":"http:\/\/www.mark.com.pl\/?page_id=53"},"modified":"2025-08-26T10:23:11","modified_gmt":"2025-08-26T08:23:11","slug":"transport","status":"publish","type":"page","link":"https:\/\/www.mark.com.pl\/de\/transport\/","title":{"rendered":"Transport"},"content":{"rendered":"<p><\/p>\n<h1>Transport<\/h1>\n<p>&nbsp;<\/p>\n<p><img loading=\"lazy\" class=\"alignright size-full wp-image-357\" src=\"http:\/\/www.mark.com.pl\/wp-content\/uploads\/2020\/02\/transport-1.jpg\" alt=\"\" width=\"800\" height=\"600\"><\/p>\n<p>Ein ma\u00dfgeblicher Teil des logistischen Prozesses ist der Transport. Das ist das wichtigste Verbindungsglied in der Kette Hersteller &#8211; Kunde.<\/p>\n<p>Unsere Firma bietet Transportdienstleistungen auf dem Gebiet von ganz Polen und Europa. Unser Angebot richten wir sowohl an die gro\u00dfen als auch an die kleinen Produktions- und Handelsfirmen.<\/p>\n<p>&nbsp;<\/p>\n<h3>Mitarbeiter und Fahrzeuge<\/h3>\n<p>In einer Transportfirma spielen die qualifizierten Fahrer, die die Fahrten p\u00fcnktlich und unter Einhaltung aller Sicherheitsnormen die wichtigste Rolle. Unsere erfahrenen Fahrer fahren mit neuen Fahrzeugen Typ MEGA TRAILER mit KRONE Aufliegern mit einem Laderaum von 103 m? und einer Ladeh\u00f6he von 3,02 m. Alle LKW&#8217;s sind mit GPS-Systemen ausgestattet. Dadurch k\u00f6nnen wir die Sendungen laufend verfolgen und Informationen erteilen, wo sie sich gerade befinden.<\/p>\n<p>&nbsp;<\/p>\n<p><strong>Warum es sich lohnt, unsere Logistik-Dienstleistungen in Anspruch zu nehmen<\/strong><\/p>\n<p>Wir bieten:<\/p>\n<ul>\n<li>vollen Umfang von Transport- und Speditionsdienstleistungen f\u00fcr gro\u00dfe und kleine Firmen &#8211; Bef\u00f6rderung in beliebige Regionen Europas,<\/li>\n<li>Transport in beide Fahrtrichtungen unter Ber\u00fccksichtigung der festen Strecken,<\/li>\n<li>eigene Fahrzeuge und Zusammenarbeit mit soliden Fuhrunternehmen (Garantie der Liefersicherheit),<\/li>\n<li>neue Fahrzeuge Typ MEGA TRAILER mit KRONE Aufliegern mit einem Laderaum von 103 m? und einer Ladeh\u00f6he von 3,02 m\/Euro 6,<\/li>\n<li>Fuhrpark-Management-System, das die modernste GPS-Technologie nutzt,<\/li>\n<li>Durchf\u00fchren des vollst\u00e4ndigen logistischen Prozesses: ab dem Zeitpunkt der Erhaltung des Speditionsauftrags, \u00fcber Verzollen, Lagern und Verladen der Ware bis zur Zustellung der Ladung an den Empf\u00e4nger,<\/li>\n<li>attraktive Preise der Logistikdienstleistungen, schnelle Auftragsrealisierung und individuelle Beratung hinsichtlich der Optimierung des Fuhrparks.<\/li>\n<li>Arbeit rund um die Uhr<\/li>\n<\/ul>\n<p>&nbsp;<\/p>\n<p>Kunden, die mit uns zusammenarbeiten, genie\u00dfen die volle Sicherheit und das Gef\u00fchl, dass die transportierte Ware immer p\u00fcnktlich angeliefert wird.<\/p>\n<p>&nbsp;<\/p>\n<p>Kinga Samek |&nbsp;MANAGER F\u00dcR TRANSPORT UND SPEDITION<\/p>\n<p>mobile: <a href=\"tel:+48600333045\"><strong>0048 600 333 045<\/strong><\/a><\/p>\n<p>e-mail: <a href=\"mailto:ksamek@mark.com.pl\">ksamek@mark.com.pl<\/a><\/p>\n<p>&nbsp;<\/p>\n<p><!-- default-view.php -->\n<div\n\tclass=\"ngg-galleryoverview default-view \"\n\tid=\"ngg-gallery-f0836826674c8855a00296655cedc84c-1\">\n\n\t\t<!-- Thumbnails -->\n\t\t\t\t<div id=\"ngg-image-0\" class=\"ngg-gallery-thumbnail-box \" >\n\t\t\t\t        <div class=\"ngg-gallery-thumbnail\">\n            <a href=\"https:\/\/www.mark.com.pl\/wp-content\/gallery\/oferta-transport\/transport02.jpg\"\n               title=\"\"\n               data-src=\"https:\/\/www.mark.com.pl\/wp-content\/gallery\/oferta-transport\/transport02.jpg\"\n               data-thumbnail=\"https:\/\/www.mark.com.pl\/wp-content\/gallery\/oferta-transport\/thumbs\/thumbs_transport02.jpg\"\n               data-image-id=\"27\"\n               data-title=\"transport02\"\n               data-description=\"\"\n               data-image-slug=\"transport02\"\n               class='nextgen_pro_lightbox' data-nplmodal-gallery-id='f0836826674c8855a00296655cedc84c'>\n                <img\n                    title=\"transport02\"\n                    alt=\"transport02\"\n                    src=\"https:\/\/www.mark.com.pl\/wp-content\/gallery\/oferta-transport\/thumbs\/thumbs_transport02.jpg\"\n                    width=\"240\"\n                    height=\"160\"\n                    style=\"max-width:100%;\"\n                \/>\n            <\/a>\n        <\/div>\n\t\t\t\t\t\t\t<\/div> \n\t\t\t\n\t\t\t\t<div id=\"ngg-image-1\" class=\"ngg-gallery-thumbnail-box \" >\n\t\t\t\t        <div class=\"ngg-gallery-thumbnail\">\n            <a href=\"https:\/\/www.mark.com.pl\/wp-content\/gallery\/oferta-transport\/transport01.jpg\"\n               title=\"\"\n               data-src=\"https:\/\/www.mark.com.pl\/wp-content\/gallery\/oferta-transport\/transport01.jpg\"\n               data-thumbnail=\"https:\/\/www.mark.com.pl\/wp-content\/gallery\/oferta-transport\/thumbs\/thumbs_transport01.jpg\"\n               data-image-id=\"26\"\n               data-title=\"transport01\"\n               data-description=\"\"\n               data-image-slug=\"transport01\"\n               class='nextgen_pro_lightbox' data-nplmodal-gallery-id='f0836826674c8855a00296655cedc84c'>\n                <img\n                    title=\"transport01\"\n                    alt=\"transport01\"\n                    src=\"https:\/\/www.mark.com.pl\/wp-content\/gallery\/oferta-transport\/thumbs\/thumbs_transport01.jpg\"\n                    width=\"240\"\n                    height=\"160\"\n                    style=\"max-width:100%;\"\n                \/>\n            <\/a>\n        <\/div>\n\t\t\t\t\t\t\t<\/div> \n\t\t\t\n\t\t\t\t<div id=\"ngg-image-2\" class=\"ngg-gallery-thumbnail-box \" >\n\t\t\t\t        <div class=\"ngg-gallery-thumbnail\">\n            <a href=\"https:\/\/www.mark.com.pl\/wp-content\/gallery\/oferta-transport\/04.jpg\"\n               title=\"\"\n               data-src=\"https:\/\/www.mark.com.pl\/wp-content\/gallery\/oferta-transport\/04.jpg\"\n               data-thumbnail=\"https:\/\/www.mark.com.pl\/wp-content\/gallery\/oferta-transport\/thumbs\/thumbs_04.jpg\"\n               data-image-id=\"22\"\n               data-title=\"04\"\n               data-description=\"\"\n               data-image-slug=\"04\"\n               class='nextgen_pro_lightbox' data-nplmodal-gallery-id='f0836826674c8855a00296655cedc84c'>\n                <img\n                    title=\"04\"\n                    alt=\"04\"\n                    src=\"https:\/\/www.mark.com.pl\/wp-content\/gallery\/oferta-transport\/thumbs\/thumbs_04.jpg\"\n                    width=\"240\"\n                    height=\"160\"\n                    style=\"max-width:100%;\"\n                \/>\n            <\/a>\n        <\/div>\n\t\t\t\t\t\t\t<\/div> \n\t\t\t\n\t\t\t\t<div id=\"ngg-image-3\" class=\"ngg-gallery-thumbnail-box \" >\n\t\t\t\t        <div class=\"ngg-gallery-thumbnail\">\n            <a href=\"https:\/\/www.mark.com.pl\/wp-content\/gallery\/oferta-transport\/05.jpg\"\n               title=\"\"\n               data-src=\"https:\/\/www.mark.com.pl\/wp-content\/gallery\/oferta-transport\/05.jpg\"\n               data-thumbnail=\"https:\/\/www.mark.com.pl\/wp-content\/gallery\/oferta-transport\/thumbs\/thumbs_05.jpg\"\n               data-image-id=\"23\"\n               data-title=\"05\"\n               data-description=\"\"\n               data-image-slug=\"05\"\n               class='nextgen_pro_lightbox' data-nplmodal-gallery-id='f0836826674c8855a00296655cedc84c'>\n                <img\n                    title=\"05\"\n                    alt=\"05\"\n                    src=\"https:\/\/www.mark.com.pl\/wp-content\/gallery\/oferta-transport\/thumbs\/thumbs_05.jpg\"\n                    width=\"240\"\n                    height=\"160\"\n                    style=\"max-width:100%;\"\n                \/>\n            <\/a>\n        <\/div>\n\t\t\t\t\t\t\t<\/div> \n\t\t\t\n\t\t\t\t<div id=\"ngg-image-4\" class=\"ngg-gallery-thumbnail-box \" >\n\t\t\t\t        <div class=\"ngg-gallery-thumbnail\">\n            <a href=\"https:\/\/www.mark.com.pl\/wp-content\/gallery\/oferta-transport\/transport-2.jpg\"\n               title=\"\"\n               data-src=\"https:\/\/www.mark.com.pl\/wp-content\/gallery\/oferta-transport\/transport-2.jpg\"\n               data-thumbnail=\"https:\/\/www.mark.com.pl\/wp-content\/gallery\/oferta-transport\/thumbs\/thumbs_transport-2.jpg\"\n               data-image-id=\"28\"\n               data-title=\"transport-2\"\n               data-description=\"\"\n               data-image-slug=\"transport-2\"\n               class='nextgen_pro_lightbox' data-nplmodal-gallery-id='f0836826674c8855a00296655cedc84c'>\n                <img\n                    title=\"transport-2\"\n                    alt=\"transport-2\"\n                    src=\"https:\/\/www.mark.com.pl\/wp-content\/gallery\/oferta-transport\/thumbs\/thumbs_transport-2.jpg\"\n                    width=\"240\"\n                    height=\"160\"\n                    style=\"max-width:100%;\"\n                \/>\n            <\/a>\n        <\/div>\n\t\t\t\t\t\t\t<\/div> \n\t\t\t\n\t\t\t\t<div id=\"ngg-image-5\" class=\"ngg-gallery-thumbnail-box \" >\n\t\t\t\t        <div class=\"ngg-gallery-thumbnail\">\n            <a href=\"https:\/\/www.mark.com.pl\/wp-content\/gallery\/oferta-transport\/transport-3.jpg\"\n               title=\"\"\n               data-src=\"https:\/\/www.mark.com.pl\/wp-content\/gallery\/oferta-transport\/transport-3.jpg\"\n               data-thumbnail=\"https:\/\/www.mark.com.pl\/wp-content\/gallery\/oferta-transport\/thumbs\/thumbs_transport-3.jpg\"\n               data-image-id=\"29\"\n               data-title=\"transport-3\"\n               data-description=\"\"\n               data-image-slug=\"transport-3\"\n               class='nextgen_pro_lightbox' data-nplmodal-gallery-id='f0836826674c8855a00296655cedc84c'>\n                <img\n                    title=\"transport-3\"\n                    alt=\"transport-3\"\n                    src=\"https:\/\/www.mark.com.pl\/wp-content\/gallery\/oferta-transport\/thumbs\/thumbs_transport-3.jpg\"\n                    width=\"240\"\n                    height=\"160\"\n                    style=\"max-width:100%;\"\n                \/>\n            <\/a>\n        <\/div>\n\t\t\t\t\t\t\t<\/div> \n\t\t\t\n\t\t\t\t<div id=\"ngg-image-6\" class=\"ngg-gallery-thumbnail-box \" >\n\t\t\t\t        <div class=\"ngg-gallery-thumbnail\">\n            <a href=\"https:\/\/www.mark.com.pl\/wp-content\/gallery\/oferta-transport\/mark.jpg\"\n               title=\"\"\n               data-src=\"https:\/\/www.mark.com.pl\/wp-content\/gallery\/oferta-transport\/mark.jpg\"\n               data-thumbnail=\"https:\/\/www.mark.com.pl\/wp-content\/gallery\/oferta-transport\/thumbs\/thumbs_mark.jpg\"\n               data-image-id=\"44\"\n               data-title=\"mark\"\n               data-description=\"\"\n               data-image-slug=\"mark\"\n               class='nextgen_pro_lightbox' data-nplmodal-gallery-id='f0836826674c8855a00296655cedc84c'>\n                <img\n                    title=\"mark\"\n                    alt=\"mark\"\n                    src=\"https:\/\/www.mark.com.pl\/wp-content\/gallery\/oferta-transport\/thumbs\/thumbs_mark.jpg\"\n                    width=\"240\"\n                    height=\"160\"\n                    style=\"max-width:100%;\"\n                \/>\n            <\/a>\n        <\/div>\n\t\t\t\t\t\t\t<\/div> \n\t\t\t\n\t\t\t\t<div id=\"ngg-image-7\" class=\"ngg-gallery-thumbnail-box \" >\n\t\t\t\t        <div class=\"ngg-gallery-thumbnail\">\n            <a href=\"https:\/\/www.mark.com.pl\/wp-content\/gallery\/oferta-transport\/08.jpg\"\n               title=\"\"\n               data-src=\"https:\/\/www.mark.com.pl\/wp-content\/gallery\/oferta-transport\/08.jpg\"\n               data-thumbnail=\"https:\/\/www.mark.com.pl\/wp-content\/gallery\/oferta-transport\/thumbs\/thumbs_08.jpg\"\n               data-image-id=\"25\"\n               data-title=\"08\"\n               data-description=\"\"\n               data-image-slug=\"08\"\n               class='nextgen_pro_lightbox' data-nplmodal-gallery-id='f0836826674c8855a00296655cedc84c'>\n                <img\n                    title=\"08\"\n                    alt=\"08\"\n                    src=\"https:\/\/www.mark.com.pl\/wp-content\/gallery\/oferta-transport\/thumbs\/thumbs_08.jpg\"\n                    width=\"240\"\n                    height=\"160\"\n                    style=\"max-width:100%;\"\n                \/>\n            <\/a>\n        <\/div>\n\t\t\t\t\t\t\t<\/div> \n\t\t\t\n\t\n\t<br style=\"clear: both\" \/>\n\n\t\n\t\t<!-- Pagination -->\n\t<div class='ngg-clear'><\/div>\t<\/div>\n&nbsp;<\/p>","protected":false},"excerpt":{"rendered":"<p>Transport &nbsp; Ein ma\u00dfgeblicher Teil des logistischen Prozesses ist der Transport. Das ist das wichtigste Verbindungsglied in der Kette Hersteller &#8211; Kunde. Unsere Firma bietet Transportdienstleistungen auf dem Gebiet von ganz Polen und Europa. Unser Angebot richten wir sowohl an die gro\u00dfen [&hellip;]<\/p>\n","protected":false},"author":1,"featured_media":0,"parent":0,"menu_order":0,"comment_status":"closed","ping_status":"closed","template":"oferta.php","meta":{"ngg_post_thumbnail":0},"aioseo_notices":[],"_links":{"self":[{"href":"https:\/\/www.mark.com.pl\/de\/wp-json\/wp\/v2\/pages\/53"}],"collection":[{"href":"https:\/\/www.mark.com.pl\/de\/wp-json\/wp\/v2\/pages"}],"about":[{"href":"https:\/\/www.mark.com.pl\/de\/wp-json\/wp\/v2\/types\/page"}],"author":[{"embeddable":true,"href":"https:\/\/www.mark.com.pl\/de\/wp-json\/wp\/v2\/users\/1"}],"replies":[{"embeddable":true,"href":"https:\/\/www.mark.com.pl\/de\/wp-json\/wp\/v2\/comments?post=53"}],"version-history":[{"count":22,"href":"https:\/\/www.mark.com.pl\/de\/wp-json\/wp\/v2\/pages\/53\/revisions"}],"predecessor-version":[{"id":864,"href":"https:\/\/www.mark.com.pl\/de\/wp-json\/wp\/v2\/pages\/53\/revisions\/864"}],"wp:attachment":[{"href":"https:\/\/www.mark.com.pl\/de\/wp-json\/wp\/v2\/media?parent=53"}],"curies":[{"name":"wp","href":"https:\/\/api.w.org\/{rel}","templated":true}]}}