{"id":49,"date":"2020-02-19T15:20:41","date_gmt":"2020-02-19T14:20:41","guid":{"rendered":"http:\/\/www.mark.com.pl\/?page_id=49"},"modified":"2025-09-29T07:28:29","modified_gmt":"2025-09-29T05:28:29","slug":"spedycja","status":"publish","type":"page","link":"https:\/\/www.mark.com.pl\/de\/spedycja\/","title":{"rendered":"Spedition"},"content":{"rendered":"<p><\/p>\n<h1>Spedition<\/h1>\n<p>&nbsp;<\/p>\n<p><img loading=\"lazy\" class=\"size-full wp-image-471 alignright\" src=\"http:\/\/www.mark.com.pl\/wp-content\/uploads\/2020\/03\/spedycja-4.jpg\" alt=\"\" width=\"800\" height=\"600\"><\/p>\n<p>Ein ma\u00dfgeblicher Teil des logistischen Prozesses ist der Transport und die Spedition. Das ist das wichtigste Verbindungsglied in der Kette Hersteller &#8211; Kunde. Die Spedition der Waren besteht in der Organisation des Transports der Waren und Optimierung der Kosten unter Ber\u00fccksichtigung der Transportmittel und Einplanung der f\u00fcr die Bef\u00f6rderung der Waren notwendigen Zeit. Die Spediteure organisieren die Bef\u00f6rderung, stellen die notwendigen Dokumente aus und befassen sich mit der Zollabfertigung.<\/p>\n<p>Unsere Firma bietet Speditionsdienstleistungen auf dem Gebiet von ganz Polen und Europa. Unser Angebot richten wir sowohl an die gro\u00dfen als auch an die kleinen Produktions- und Handelsfirmen.<\/p>\n<p>&nbsp;<\/p>\n<p><strong>Erfahrene Spediteure<\/strong><\/p>\n<p>In einer Speditionsfirma sind die qualifizierten Spediteure von gr\u00f6\u00dfter Bedeutung. Von ihrer Arbeit h\u00e4ngt die reibungslose Organisation des Transports ab. Unsere Mitarbeiter sind erfahrene Spediteure, die dank ihrem Wissen und der langj\u00e4hrigen Praxis im Stande sind, das beste Transportmittel an die Bed\u00fcrfnisse und Erwartungen der Kunden anzupassen.<\/p>\n<p>&nbsp;<\/p>\n<p><strong>Warum es sich lohnt, unsere Logistik-Dienstleistungen in Anspruch zu nehmen<\/strong><\/p>\n<p>Wir bieten:<\/p>\n<ul>\n<li>vollen Umfang von Transport- und Speditionsdienstleistungen f\u00fcr gro\u00dfe und kleine Firmen &#8211; Bef\u00f6rderung in beliebige Regionen Europas,<\/li>\n<li>Ladungen in beide Fahrtrichtungen unter Ber\u00fccksichtigung der festen Strecken,<\/li>\n<li>eigene Fahrzeuge und Zusammenarbeit mit soliden Fuhrunternehmen (Garantie der Liefersicherheit),<\/li>\n<li>neue Fahrzeuge Typ MEGA TRAILER mit KRONE Aufliegern mit einem Laderaum von 103 m? und einer Ladeh\u00f6he von 3,02 m\/Euro 6,<\/li>\n<li>Fuhrpark-Management-System, das die modernste GPS-Technologie nutzt,<\/li>\n<li>Durchf\u00fchren des vollst\u00e4ndigen logistischen Prozesses: ab dem Zeitpunkt der Erhaltung des Speditionsauftrags, \u00fcber Verzollen, Lagern und Verladen der Ware bis zur Zustellung der Ladung an den Empf\u00e4nger,<\/li>\n<li>attraktive Preise der Logistikdienstleistungen, schnelle Auftragsrealisierung und individuelle Beratung hinsichtlich der Optimierung des Fuhrparks.<\/li>\n<li>Arbeit rund um die Uhr<\/li>\n<\/ul>\n<p>&nbsp;<\/p>\n<p>Kunden, die mit uns zusammenarbeiten, genie\u00dfen die volle Sicherheit und das Gef\u00fchl, dass die transportierte Ware immer p\u00fcnktlich angeliefert wird.<\/p>\n<p>&nbsp;<\/p>\n<p>Kinga Samek |&nbsp;MANAGER F\u00dcR TRANSPORT UND SPEDITION<\/p>\n<p>mobile: <a href=\"tel:+48600333045\"><strong>0048 600 333 045<\/strong><\/a><\/p>\n<p>e-mail: <a href=\"mailto:ksamek@mark.com.pl\">ksamek@mark.com.pl<\/a><\/p>\n<p>&nbsp;<\/p>\n<p><div class=\"nextgen_pro_thumbnail_grid\" id=\"displayed_gallery_d2ca60b77f3d7be81f63c4948b6d8795\"><div id=\"ngg-image-0\" class=\"image-wrapper\"><a href=\"https:\/\/www.mark.com.pl\/wp-content\/gallery\/oferta-spedycja\/targi.jpg\"\n               title=\"\"\n               data-src=\"https:\/\/www.mark.com.pl\/wp-content\/gallery\/oferta-spedycja\/targi.jpg\"\n               data-thumbnail=\"https:\/\/www.mark.com.pl\/wp-content\/gallery\/oferta-spedycja\/thumbs\/thumbs_targi.jpg\"\n               data-image-id=\"46\"\n               data-title=\"targi\"\n               data-description=\"\"\n               class='nextgen_pro_lightbox' data-nplmodal-gallery-id='d2ca60b77f3d7be81f63c4948b6d8795'><picture><source srcset='https:\/\/www.mark.com.pl\/wp-content\/gallery\/oferta-spedycja\/thumbs\/thumbs_targi.jpg, https:\/\/www.mark.com.pl\/wp-content\/gallery\/oferta-spedycja\/cache\/targi.jpg-nggid0246-ngg0dyn-480x320x100-00f0w010c011r110f110r010t010.jpg 2x' media=''><img title=\"targi\" alt=\"targi\" width=\"240\" height=\"160\" style=\"max-width:240px;max-height:160px\" src=\"https:\/\/www.mark.com.pl\/wp-content\/gallery\/oferta-spedycja\/thumbs\/thumbs_targi.jpg\" srcset=\"https:\/\/www.mark.com.pl\/wp-content\/gallery\/oferta-spedycja\/thumbs\/thumbs_targi.jpg, https:\/\/www.mark.com.pl\/wp-content\/gallery\/oferta-spedycja\/cache\/targi.jpg-nggid0246-ngg0dyn-480x320x100-00f0w010c011r110f110r010t010.jpg 2x\" onerror=\"nggRetryFailedImage(this);\"\/><\/picture>                <noscript><img src=\"https:\/\/www.mark.com.pl\/wp-content\/gallery\/oferta-spedycja\/thumbs\/thumbs_targi.jpg\"\n                         title=\"targi\"\n                         alt=\"targi\"\n                         width=\"240\"\n                         height=\"160\"\n                         style=\"max-width:100%; height: auto;\"\/><\/noscript><\/a><\/div><div id=\"ngg-image-1\" class=\"image-wrapper\"><a href=\"https:\/\/www.mark.com.pl\/wp-content\/gallery\/oferta-spedycja\/spedycja6.jpg\"\n               title=\"\"\n               data-src=\"https:\/\/www.mark.com.pl\/wp-content\/gallery\/oferta-spedycja\/spedycja6.jpg\"\n               data-thumbnail=\"https:\/\/www.mark.com.pl\/wp-content\/gallery\/oferta-spedycja\/thumbs\/thumbs_spedycja6.jpg\"\n               data-image-id=\"41\"\n               data-title=\"spedycja6\"\n               data-description=\"\"\n               class='nextgen_pro_lightbox' data-nplmodal-gallery-id='d2ca60b77f3d7be81f63c4948b6d8795'><picture><source srcset='https:\/\/www.mark.com.pl\/wp-content\/gallery\/oferta-spedycja\/thumbs\/thumbs_spedycja6.jpg, https:\/\/www.mark.com.pl\/wp-content\/gallery\/oferta-spedycja\/cache\/spedycja6.jpg-nggid0241-ngg0dyn-480x320x100-00f0w010c011r110f110r010t010.jpg 2x' media=''><img title=\"spedycja6\" alt=\"spedycja6\" width=\"240\" height=\"160\" style=\"max-width:240px;max-height:160px\" src=\"https:\/\/www.mark.com.pl\/wp-content\/gallery\/oferta-spedycja\/thumbs\/thumbs_spedycja6.jpg\" srcset=\"https:\/\/www.mark.com.pl\/wp-content\/gallery\/oferta-spedycja\/thumbs\/thumbs_spedycja6.jpg, https:\/\/www.mark.com.pl\/wp-content\/gallery\/oferta-spedycja\/cache\/spedycja6.jpg-nggid0241-ngg0dyn-480x320x100-00f0w010c011r110f110r010t010.jpg 2x\" onerror=\"nggRetryFailedImage(this);\"\/><\/picture>                <noscript><img src=\"https:\/\/www.mark.com.pl\/wp-content\/gallery\/oferta-spedycja\/thumbs\/thumbs_spedycja6.jpg\"\n                         title=\"spedycja6\"\n                         alt=\"spedycja6\"\n                         width=\"240\"\n                         height=\"160\"\n                         style=\"max-width:100%; height: auto;\"\/><\/noscript><\/a><\/div><div id=\"ngg-image-2\" class=\"image-wrapper\"><a href=\"https:\/\/www.mark.com.pl\/wp-content\/gallery\/oferta-spedycja\/spedycja-5.jpg\"\n               title=\"\"\n               data-src=\"https:\/\/www.mark.com.pl\/wp-content\/gallery\/oferta-spedycja\/spedycja-5.jpg\"\n               data-thumbnail=\"https:\/\/www.mark.com.pl\/wp-content\/gallery\/oferta-spedycja\/thumbs\/thumbs_spedycja-5.jpg\"\n               data-image-id=\"59\"\n               data-title=\"spedycja-5\"\n               data-description=\"\"\n               class='nextgen_pro_lightbox' data-nplmodal-gallery-id='d2ca60b77f3d7be81f63c4948b6d8795'><picture><source srcset='https:\/\/www.mark.com.pl\/wp-content\/gallery\/oferta-spedycja\/thumbs\/thumbs_spedycja-5.jpg, https:\/\/www.mark.com.pl\/wp-content\/gallery\/oferta-spedycja\/cache\/spedycja-5.jpg-nggid0259-ngg0dyn-480x320x100-00f0w010c011r110f110r010t010.jpg 2x' media=''><img title=\"spedycja-5\" alt=\"spedycja-5\" width=\"240\" height=\"160\" style=\"max-width:240px;max-height:160px\" src=\"https:\/\/www.mark.com.pl\/wp-content\/gallery\/oferta-spedycja\/thumbs\/thumbs_spedycja-5.jpg\" srcset=\"https:\/\/www.mark.com.pl\/wp-content\/gallery\/oferta-spedycja\/thumbs\/thumbs_spedycja-5.jpg, https:\/\/www.mark.com.pl\/wp-content\/gallery\/oferta-spedycja\/cache\/spedycja-5.jpg-nggid0259-ngg0dyn-480x320x100-00f0w010c011r110f110r010t010.jpg 2x\" onerror=\"nggRetryFailedImage(this);\"\/><\/picture>                <noscript><img src=\"https:\/\/www.mark.com.pl\/wp-content\/gallery\/oferta-spedycja\/thumbs\/thumbs_spedycja-5.jpg\"\n                         title=\"spedycja-5\"\n                         alt=\"spedycja-5\"\n                         width=\"240\"\n                         height=\"160\"\n                         style=\"max-width:100%; height: auto;\"\/><\/noscript><\/a><\/div><div id=\"ngg-image-3\" class=\"image-wrapper\"><a href=\"https:\/\/www.mark.com.pl\/wp-content\/gallery\/oferta-spedycja\/spedycja-4.jpg\"\n               title=\"\"\n               data-src=\"https:\/\/www.mark.com.pl\/wp-content\/gallery\/oferta-spedycja\/spedycja-4.jpg\"\n               data-thumbnail=\"https:\/\/www.mark.com.pl\/wp-content\/gallery\/oferta-spedycja\/thumbs\/thumbs_spedycja-4.jpg\"\n               data-image-id=\"58\"\n               data-title=\"spedycja-4\"\n               data-description=\"\"\n               class='nextgen_pro_lightbox' data-nplmodal-gallery-id='d2ca60b77f3d7be81f63c4948b6d8795'><picture><source srcset='https:\/\/www.mark.com.pl\/wp-content\/gallery\/oferta-spedycja\/thumbs\/thumbs_spedycja-4.jpg, https:\/\/www.mark.com.pl\/wp-content\/gallery\/oferta-spedycja\/cache\/spedycja-4.jpg-nggid0258-ngg0dyn-480x320x100-00f0w010c011r110f110r010t010.jpg 2x' media=''><img title=\"spedycja-4\" alt=\"spedycja-4\" width=\"240\" height=\"160\" style=\"max-width:240px;max-height:160px\" src=\"https:\/\/www.mark.com.pl\/wp-content\/gallery\/oferta-spedycja\/thumbs\/thumbs_spedycja-4.jpg\" srcset=\"https:\/\/www.mark.com.pl\/wp-content\/gallery\/oferta-spedycja\/thumbs\/thumbs_spedycja-4.jpg, https:\/\/www.mark.com.pl\/wp-content\/gallery\/oferta-spedycja\/cache\/spedycja-4.jpg-nggid0258-ngg0dyn-480x320x100-00f0w010c011r110f110r010t010.jpg 2x\" onerror=\"nggRetryFailedImage(this);\"\/><\/picture>                <noscript><img src=\"https:\/\/www.mark.com.pl\/wp-content\/gallery\/oferta-spedycja\/thumbs\/thumbs_spedycja-4.jpg\"\n                         title=\"spedycja-4\"\n                         alt=\"spedycja-4\"\n                         width=\"240\"\n                         height=\"160\"\n                         style=\"max-width:100%; height: auto;\"\/><\/noscript><\/a><\/div><div id=\"ngg-image-4\" class=\"image-wrapper\"><a href=\"https:\/\/www.mark.com.pl\/wp-content\/gallery\/oferta-spedycja\/spedycja-1.jpg\"\n               title=\"\"\n               data-src=\"https:\/\/www.mark.com.pl\/wp-content\/gallery\/oferta-spedycja\/spedycja-1.jpg\"\n               data-thumbnail=\"https:\/\/www.mark.com.pl\/wp-content\/gallery\/oferta-spedycja\/thumbs\/thumbs_spedycja-1.jpg\"\n               data-image-id=\"55\"\n               data-title=\"spedycja-1\"\n               data-description=\"\"\n               class='nextgen_pro_lightbox' data-nplmodal-gallery-id='d2ca60b77f3d7be81f63c4948b6d8795'><picture><source srcset='https:\/\/www.mark.com.pl\/wp-content\/gallery\/oferta-spedycja\/thumbs\/thumbs_spedycja-1.jpg, https:\/\/www.mark.com.pl\/wp-content\/gallery\/oferta-spedycja\/cache\/spedycja-1.jpg-nggid0255-ngg0dyn-480x320x100-00f0w010c011r110f110r010t010.jpg 2x' media=''><img title=\"spedycja-1\" alt=\"spedycja-1\" width=\"240\" height=\"160\" style=\"max-width:240px;max-height:160px\" src=\"https:\/\/www.mark.com.pl\/wp-content\/gallery\/oferta-spedycja\/thumbs\/thumbs_spedycja-1.jpg\" srcset=\"https:\/\/www.mark.com.pl\/wp-content\/gallery\/oferta-spedycja\/thumbs\/thumbs_spedycja-1.jpg, https:\/\/www.mark.com.pl\/wp-content\/gallery\/oferta-spedycja\/cache\/spedycja-1.jpg-nggid0255-ngg0dyn-480x320x100-00f0w010c011r110f110r010t010.jpg 2x\" onerror=\"nggRetryFailedImage(this);\"\/><\/picture>                <noscript><img src=\"https:\/\/www.mark.com.pl\/wp-content\/gallery\/oferta-spedycja\/thumbs\/thumbs_spedycja-1.jpg\"\n                         title=\"spedycja-1\"\n                         alt=\"spedycja-1\"\n                         width=\"240\"\n                         height=\"160\"\n                         style=\"max-width:100%; height: auto;\"\/><\/noscript><\/a><\/div><div id=\"ngg-image-5\" class=\"image-wrapper\"><a href=\"https:\/\/www.mark.com.pl\/wp-content\/gallery\/oferta-spedycja\/spedycja-2.jpg\"\n               title=\"\"\n               data-src=\"https:\/\/www.mark.com.pl\/wp-content\/gallery\/oferta-spedycja\/spedycja-2.jpg\"\n               data-thumbnail=\"https:\/\/www.mark.com.pl\/wp-content\/gallery\/oferta-spedycja\/thumbs\/thumbs_spedycja-2.jpg\"\n               data-image-id=\"56\"\n               data-title=\"spedycja-2\"\n               data-description=\"\"\n               class='nextgen_pro_lightbox' data-nplmodal-gallery-id='d2ca60b77f3d7be81f63c4948b6d8795'><picture><source srcset='https:\/\/www.mark.com.pl\/wp-content\/gallery\/oferta-spedycja\/thumbs\/thumbs_spedycja-2.jpg, https:\/\/www.mark.com.pl\/wp-content\/gallery\/oferta-spedycja\/cache\/spedycja-2.jpg-nggid0256-ngg0dyn-480x320x100-00f0w010c011r110f110r010t010.jpg 2x' media=''><img title=\"spedycja-2\" alt=\"spedycja-2\" width=\"240\" height=\"160\" style=\"max-width:240px;max-height:160px\" src=\"https:\/\/www.mark.com.pl\/wp-content\/gallery\/oferta-spedycja\/thumbs\/thumbs_spedycja-2.jpg\" srcset=\"https:\/\/www.mark.com.pl\/wp-content\/gallery\/oferta-spedycja\/thumbs\/thumbs_spedycja-2.jpg, https:\/\/www.mark.com.pl\/wp-content\/gallery\/oferta-spedycja\/cache\/spedycja-2.jpg-nggid0256-ngg0dyn-480x320x100-00f0w010c011r110f110r010t010.jpg 2x\" onerror=\"nggRetryFailedImage(this);\"\/><\/picture>                <noscript><img src=\"https:\/\/www.mark.com.pl\/wp-content\/gallery\/oferta-spedycja\/thumbs\/thumbs_spedycja-2.jpg\"\n                         title=\"spedycja-2\"\n                         alt=\"spedycja-2\"\n                         width=\"240\"\n                         height=\"160\"\n                         style=\"max-width:100%; height: auto;\"\/><\/noscript><\/a><\/div><div id=\"ngg-image-6\" class=\"image-wrapper\"><a href=\"https:\/\/www.mark.com.pl\/wp-content\/gallery\/oferta-spedycja\/spedycja-3.jpg\"\n               title=\"\"\n               data-src=\"https:\/\/www.mark.com.pl\/wp-content\/gallery\/oferta-spedycja\/spedycja-3.jpg\"\n               data-thumbnail=\"https:\/\/www.mark.com.pl\/wp-content\/gallery\/oferta-spedycja\/thumbs\/thumbs_spedycja-3.jpg\"\n               data-image-id=\"57\"\n               data-title=\"spedycja-3\"\n               data-description=\"\"\n               class='nextgen_pro_lightbox' data-nplmodal-gallery-id='d2ca60b77f3d7be81f63c4948b6d8795'><picture><source srcset='https:\/\/www.mark.com.pl\/wp-content\/gallery\/oferta-spedycja\/thumbs\/thumbs_spedycja-3.jpg, https:\/\/www.mark.com.pl\/wp-content\/gallery\/oferta-spedycja\/cache\/spedycja-3.jpg-nggid0257-ngg0dyn-480x320x100-00f0w010c011r110f110r010t010.jpg 2x' media=''><img title=\"spedycja-3\" alt=\"spedycja-3\" width=\"240\" height=\"160\" style=\"max-width:240px;max-height:160px\" src=\"https:\/\/www.mark.com.pl\/wp-content\/gallery\/oferta-spedycja\/thumbs\/thumbs_spedycja-3.jpg\" srcset=\"https:\/\/www.mark.com.pl\/wp-content\/gallery\/oferta-spedycja\/thumbs\/thumbs_spedycja-3.jpg, https:\/\/www.mark.com.pl\/wp-content\/gallery\/oferta-spedycja\/cache\/spedycja-3.jpg-nggid0257-ngg0dyn-480x320x100-00f0w010c011r110f110r010t010.jpg 2x\" onerror=\"nggRetryFailedImage(this);\"\/><\/picture>                <noscript><img src=\"https:\/\/www.mark.com.pl\/wp-content\/gallery\/oferta-spedycja\/thumbs\/thumbs_spedycja-3.jpg\"\n                         title=\"spedycja-3\"\n                         alt=\"spedycja-3\"\n                         width=\"240\"\n                         height=\"160\"\n                         style=\"max-width:100%; height: auto;\"\/><\/noscript><\/a><\/div><div class='ngg-clear'><\/div><\/div>\n<\/p>","protected":false},"excerpt":{"rendered":"<p>Spedition &nbsp; Ein ma\u00dfgeblicher Teil des logistischen Prozesses ist der Transport und die Spedition. Das ist das wichtigste Verbindungsglied in der Kette Hersteller &#8211; Kunde. Die Spedition der Waren besteht in der Organisation des Transports der Waren und Optimierung der Kosten unter [&hellip;]<\/p>\n","protected":false},"author":1,"featured_media":0,"parent":0,"menu_order":0,"comment_status":"closed","ping_status":"closed","template":"oferta.php","meta":{"ngg_post_thumbnail":0},"aioseo_notices":[],"_links":{"self":[{"href":"https:\/\/www.mark.com.pl\/de\/wp-json\/wp\/v2\/pages\/49"}],"collection":[{"href":"https:\/\/www.mark.com.pl\/de\/wp-json\/wp\/v2\/pages"}],"about":[{"href":"https:\/\/www.mark.com.pl\/de\/wp-json\/wp\/v2\/types\/page"}],"author":[{"embeddable":true,"href":"https:\/\/www.mark.com.pl\/de\/wp-json\/wp\/v2\/users\/1"}],"replies":[{"embeddable":true,"href":"https:\/\/www.mark.com.pl\/de\/wp-json\/wp\/v2\/comments?post=49"}],"version-history":[{"count":29,"href":"https:\/\/www.mark.com.pl\/de\/wp-json\/wp\/v2\/pages\/49\/revisions"}],"predecessor-version":[{"id":907,"href":"https:\/\/www.mark.com.pl\/de\/wp-json\/wp\/v2\/pages\/49\/revisions\/907"}],"wp:attachment":[{"href":"https:\/\/www.mark.com.pl\/de\/wp-json\/wp\/v2\/media?parent=49"}],"curies":[{"name":"wp","href":"https:\/\/api.w.org\/{rel}","templated":true}]}}