{"id":104,"date":"2020-02-19T16:16:38","date_gmt":"2020-02-19T15:16:38","guid":{"rendered":"http:\/\/www.mark.com.pl\/?page_id=104"},"modified":"2025-07-11T19:19:34","modified_gmt":"2025-07-11T17:19:34","slug":"praca","status":"publish","type":"page","link":"https:\/\/www.mark.com.pl\/de\/praca\/","title":{"rendered":"Job und Karriere"},"content":{"rendered":"<p><\/p>\n<h1>Job und Karriere<\/h1>\n<p>Wir sind ein Team mit klarer Unternehmensausrichtung, dem die best\u00e4ndige berufliche Weiterentwicklung seiner Teammitglieder wichtig ist.<\/p>\n<p>Gemeinsam sorgen wir f\u00fcr eine besondere Servicequalit\u00e4t in allen Verwaltungsebenen und suchen den Weg zur Vollkommenheit. Das Unternehmen f\u00fchrt ihre Wirtschaftst\u00e4tigkeit nach den Umwelt- und Sozialnormen der EU aus, wie die Nominierung f\u00fcr den Wettbewerb: ?Der beste Arbeitsgeber 2008&#8243; und eine EBI ?Zertifizierung belegen.<\/p>\n<p>Schlie\u00dfen Sie sich uns an!<\/p>\n<p>&nbsp;<\/p>\n<p>Wir haben folgende Stellenangebote:<\/p>\n<p>&nbsp;<\/p>\n<h2>Internationaler Spediteur<\/h2>\n<p><strong>Standort: Do\u0142uje (am Rande der Stadt Szczecin),&nbsp; Region: Westpommern<\/strong><\/p>\n<p>&nbsp;<\/p>\n<p><strong>Ihr Aufgabenbereich:<\/strong><\/p>\n<ul>\n<li>Durchf\u00fchrung und Aufsicht von Speditionsauftr\u00e4gen<\/li>\n<li>Gew\u00e4hrleistung des Informationsaustausches mit dem Kunden<\/li>\n<li>Kostenaufsicht<\/li>\n<li>Verhandlungen mit dem Kunden<\/li>\n<li>Bearbeitung von Angebotsanfragen<\/li>\n<li>Gew\u00e4hrleistung guter Kontakte mit Kunden und Subkunden<\/li>\n<\/ul>\n<p>&nbsp;<\/p>\n<p><strong>Ihr Profil:<\/strong><\/p>\n<ul>\n<li>mindestens einj\u00e4hrige Erfahrung in vergleichbarer Arbeitsstelle<\/li>\n<li>gute Englisch- und Deutschkenntnisse, Kenntnisse anderer Fremdsprachen auch zum Vorteil (Franz\u00f6sisch, Italienisch, Spanisch)<\/li>\n<li>Selbst\u00e4ndigkeit beim Entscheidungstreffen und Probleml\u00f6sen<\/li>\n<li>sehr gute Arbeitsorganisation<\/li>\n<li>Kommunikativit\u00e4t<\/li>\n<li>hohe innere Motivation und Entwicklungsf\u00e4higkeit<\/li>\n<li>Kenntnisse des Transport- und Speditionsmarkts und Rechtsvorschriften in diesem Bereich<\/li>\n<\/ul>\n<p>&nbsp;<\/p>\n<p><strong>Wir bieten Ihnen<\/strong>:<\/p>\n<ul>\n<li>Einen interessanten Job in einem internationalen Unternehmen<\/li>\n<li>stabile Anstellungsbedingungen<\/li>\n<li>attraktives Pr\u00e4mien- und Lohnsystem<\/li>\n<li>inneres und externes Schulungssystem, das Weiterentwicklung und Qualifikationserh\u00f6hung garantiert<\/li>\n<\/ul>\n<p>&nbsp;<\/p>\n<p>Sollten Sie an der Stelle interessiert sein, schreiben Sie uns an: (Lebenslauf mit Foto und Bewerbungsschreiben) E-mail: mark@mark.com.pl<\/p>\n<p>In Ihren Bewerbungsunterlagen schreiben Sie: JOB\/SPEDITEUR oder <strong>Online bewerben<\/strong><\/p>\n<p><strong>In den Bewerbungsunterlagen schreiben Sie bitte die Klausel \u00fcber die Verarbeitung von Personendaten:<\/strong> &#8220;Ich bin mit der Verarbeitung im Einstellungsprozess von meinen im CV enthaltenen Personendaten einverstanden (gem\u00e4\u00df dem Gesetz vom 29.08.1997 \u00fcber den Personendatenschutz, Gesetzblatt Nr. 133 Pos. 833)&#8221;.<\/p>\n<p>Wir m\u00f6chten betonen, dass wir nur die Angebote beantworten, die obengenannte Voraussetzungen erf\u00fcllen.<\/p>\n<p>&nbsp;<\/p>\n<p>&nbsp;<\/p>\n<h2>Logistik<\/h2>\n<p><strong>Standort: Do\u0142uje, Region: Westpommern (am Rande von Szczecin)<\/strong><\/p>\n<p>&nbsp;<\/p>\n<p><strong>Ihre Aufgaben:<\/strong><\/p>\n<ul>\n<li>Planung und Realisierung von Import-Lieferungen und Exportversand<\/li>\n<li>Administration von Planungs-, Realisations- und Kontrollprozessen<\/li>\n<li>effektive Organisation der Logistikabteilung<\/li>\n<li>Verhandlungen mit den Kunden<\/li>\n<li>Beantwortung von Angebotsanfragen von Kunden und Subkunden<\/li>\n<li>Organisation von Kontakten mit Kunden und Subkunden<\/li>\n<li>Subkundenkoordination<\/li>\n<\/ul>\n<p>&nbsp;<\/p>\n<p><strong>Ihr Profil:<\/strong><\/p>\n<ul>\n<li>mindestens einj\u00e4hrige Erfahrung als Logistiker, eigene Kundendatenbank,<\/li>\n<li>gute Englisch- und Deutschkenntnisse, vorteilhaft sind weitere Fremdsprachenkenntnisse (Franz\u00f6sisch, Italienisch, Spanisch)<\/li>\n<li>fachliche Ausbildung<\/li>\n<li>Kenntnisse \u00fcber Transport- und Lagerhaltungsprozesse und ihrer Dokumentation<\/li>\n<li>F\u00e4higkeit zum analytischen und logischen Denken<\/li>\n<li>Gewissenhaftigkeit und gute Arbeitsorganisation<\/li>\n<li>F\u00e4higkeit, klare Entscheidungen unter Zeitdruck zu treffen<\/li>\n<li>F\u00e4higkeit, Kundenbed\u00fcrfnisse zu erkennen und richtige L\u00f6sungen zu finden<\/li>\n<\/ul>\n<p>&nbsp;<\/p>\n<p>&nbsp;<\/p>\n<p><strong>Wir bieten Ihnen:<\/strong><\/p>\n<ul>\n<li>Einen interessanten Job in einem internationalen Unternehmen<\/li>\n<li>stabile Anstellungsbedingungen<\/li>\n<li>attraktives Pr\u00e4mien- und Lohnsystem<\/li>\n<li>inneres und externes Schulungssystem, das Weiterentwicklung und Qualifikationserh\u00f6hung garantiert<\/li>\n<\/ul>\n<p>&nbsp;<\/p>\n<p>Sollten Sie an der Stelle interessiert sein, schreiben Sie uns an: (Lebenslauf mit Foto und Bewerbungsschreiben) E-mail: mark@mark.com.pl<\/p>\n<p>In Ihren Bewerbungsunterlagen schreiben Sie: JOB\/SPEDITEUR oder <strong>Online bewerben<\/strong><\/p>\n<p><strong>In den Bewerbungsunterlagen schreiben Sie bitte die Klausel \u00fcber die Verarbeitung von Personendaten:<\/strong> &#8220;Ich bin mit der Verarbeitung im Einstellungsprozess von meinen im CV enthaltenen Personendaten einverstanden (gem\u00e4\u00df dem Gesetz vom 29.08.1997 \u00fcber den Personendatenschutz, Gesetzblatt Nr. 133 Pos. 833)&#8221;.<\/p>\n<p>Wir m\u00f6chten betonen, dass wir nur die Angebote beantworten, die obengenannte Voraussetzungen erf\u00fcllen.<\/p>\n<p>&nbsp;<\/p>\n<p>&#8211;<\/p>\n<p><strong>Wir m\u00f6chten betonen, dass wir nur die Angebote beantworten, die obengenannte Voraussetzungen erf\u00fcllen.<\/strong><\/p>\n<p>&nbsp;<\/p>\n<p><div class=\"nextgen_pro_thumbnail_grid\" id=\"displayed_gallery_3d9af32ee9b20eeb2163be69942e9269\"><div id=\"ngg-image-0\" class=\"image-wrapper\"><a href=\"https:\/\/www.mark.com.pl\/wp-content\/gallery\/praca\/praca1.jpg\"\n               title=\"\"\n               data-src=\"https:\/\/www.mark.com.pl\/wp-content\/gallery\/praca\/praca1.jpg\"\n               data-thumbnail=\"https:\/\/www.mark.com.pl\/wp-content\/gallery\/praca\/thumbs\/thumbs_praca1.jpg\"\n               data-image-id=\"34\"\n               data-title=\"praca1\"\n               data-description=\"\"\n               class='nextgen_pro_lightbox' data-nplmodal-gallery-id='3d9af32ee9b20eeb2163be69942e9269'><picture><source srcset='https:\/\/www.mark.com.pl\/wp-content\/gallery\/praca\/thumbs\/thumbs_praca1.jpg, https:\/\/www.mark.com.pl\/wp-content\/gallery\/praca\/cache\/praca1.jpg-nggid0234-ngg0dyn-480x320x100-00f0w010c011r110f110r010t010.jpg 2x' media=''><img title=\"praca1\" alt=\"praca1\" width=\"240\" height=\"160\" style=\"max-width:240px;max-height:160px\" src=\"https:\/\/www.mark.com.pl\/wp-content\/gallery\/praca\/thumbs\/thumbs_praca1.jpg\" srcset=\"https:\/\/www.mark.com.pl\/wp-content\/gallery\/praca\/thumbs\/thumbs_praca1.jpg, https:\/\/www.mark.com.pl\/wp-content\/gallery\/praca\/cache\/praca1.jpg-nggid0234-ngg0dyn-480x320x100-00f0w010c011r110f110r010t010.jpg 2x\" onerror=\"nggRetryFailedImage(this);\"\/><\/picture>                <noscript><img src=\"https:\/\/www.mark.com.pl\/wp-content\/gallery\/praca\/thumbs\/thumbs_praca1.jpg\"\n                         title=\"praca1\"\n                         alt=\"praca1\"\n                         width=\"240\"\n                         height=\"160\"\n                         style=\"max-width:100%; height: auto;\"\/><\/noscript><\/a><\/div><div id=\"ngg-image-1\" class=\"image-wrapper\"><a href=\"https:\/\/www.mark.com.pl\/wp-content\/gallery\/praca\/praca-2.jpg\"\n               title=\"\"\n               data-src=\"https:\/\/www.mark.com.pl\/wp-content\/gallery\/praca\/praca-2.jpg\"\n               data-thumbnail=\"https:\/\/www.mark.com.pl\/wp-content\/gallery\/praca\/thumbs\/thumbs_praca-2.jpg\"\n               data-image-id=\"35\"\n               data-title=\"praca-2\"\n               data-description=\"\"\n               class='nextgen_pro_lightbox' data-nplmodal-gallery-id='3d9af32ee9b20eeb2163be69942e9269'><picture><source srcset='https:\/\/www.mark.com.pl\/wp-content\/gallery\/praca\/thumbs\/thumbs_praca-2.jpg, https:\/\/www.mark.com.pl\/wp-content\/gallery\/praca\/cache\/praca-2.jpg-nggid0235-ngg0dyn-480x320x100-00f0w010c011r110f110r010t010.jpg 2x' media=''><img title=\"praca-2\" alt=\"praca-2\" width=\"240\" height=\"160\" style=\"max-width:240px;max-height:160px\" src=\"https:\/\/www.mark.com.pl\/wp-content\/gallery\/praca\/thumbs\/thumbs_praca-2.jpg\" srcset=\"https:\/\/www.mark.com.pl\/wp-content\/gallery\/praca\/thumbs\/thumbs_praca-2.jpg, https:\/\/www.mark.com.pl\/wp-content\/gallery\/praca\/cache\/praca-2.jpg-nggid0235-ngg0dyn-480x320x100-00f0w010c011r110f110r010t010.jpg 2x\" onerror=\"nggRetryFailedImage(this);\"\/><\/picture>                <noscript><img src=\"https:\/\/www.mark.com.pl\/wp-content\/gallery\/praca\/thumbs\/thumbs_praca-2.jpg\"\n                         title=\"praca-2\"\n                         alt=\"praca-2\"\n                         width=\"240\"\n                         height=\"160\"\n                         style=\"max-width:100%; height: auto;\"\/><\/noscript><\/a><\/div><div id=\"ngg-image-2\" class=\"image-wrapper\"><a href=\"https:\/\/www.mark.com.pl\/wp-content\/gallery\/praca\/praca-3.jpg\"\n               title=\"\"\n               data-src=\"https:\/\/www.mark.com.pl\/wp-content\/gallery\/praca\/praca-3.jpg\"\n               data-thumbnail=\"https:\/\/www.mark.com.pl\/wp-content\/gallery\/praca\/thumbs\/thumbs_praca-3.jpg\"\n               data-image-id=\"36\"\n               data-title=\"praca-3\"\n               data-description=\"\"\n               class='nextgen_pro_lightbox' data-nplmodal-gallery-id='3d9af32ee9b20eeb2163be69942e9269'><picture><source srcset='https:\/\/www.mark.com.pl\/wp-content\/gallery\/praca\/thumbs\/thumbs_praca-3.jpg, https:\/\/www.mark.com.pl\/wp-content\/gallery\/praca\/cache\/praca-3.jpg-nggid0236-ngg0dyn-480x320x100-00f0w010c011r110f110r010t010.jpg 2x' media=''><img title=\"praca-3\" alt=\"praca-3\" width=\"240\" height=\"160\" style=\"max-width:240px;max-height:160px\" src=\"https:\/\/www.mark.com.pl\/wp-content\/gallery\/praca\/thumbs\/thumbs_praca-3.jpg\" srcset=\"https:\/\/www.mark.com.pl\/wp-content\/gallery\/praca\/thumbs\/thumbs_praca-3.jpg, https:\/\/www.mark.com.pl\/wp-content\/gallery\/praca\/cache\/praca-3.jpg-nggid0236-ngg0dyn-480x320x100-00f0w010c011r110f110r010t010.jpg 2x\" onerror=\"nggRetryFailedImage(this);\"\/><\/picture>                <noscript><img src=\"https:\/\/www.mark.com.pl\/wp-content\/gallery\/praca\/thumbs\/thumbs_praca-3.jpg\"\n                         title=\"praca-3\"\n                         alt=\"praca-3\"\n                         width=\"240\"\n                         height=\"160\"\n                         style=\"max-width:100%; height: auto;\"\/><\/noscript><\/a><\/div><div class='ngg-clear'><\/div><\/div>\n<\/p>","protected":false},"excerpt":{"rendered":"<p>Job und Karriere Wir sind ein Team mit klarer Unternehmensausrichtung, dem die best\u00e4ndige berufliche Weiterentwicklung seiner Teammitglieder wichtig ist. Gemeinsam sorgen wir f\u00fcr eine besondere Servicequalit\u00e4t in allen Verwaltungsebenen und suchen den Weg zur Vollkommenheit. Das Unternehmen f\u00fchrt ihre Wirtschaftst\u00e4tigkeit nach den [&hellip;]<\/p>\n","protected":false},"author":1,"featured_media":0,"parent":0,"menu_order":0,"comment_status":"closed","ping_status":"closed","template":"","meta":{"ngg_post_thumbnail":0},"aioseo_notices":[],"_links":{"self":[{"href":"https:\/\/www.mark.com.pl\/de\/wp-json\/wp\/v2\/pages\/104"}],"collection":[{"href":"https:\/\/www.mark.com.pl\/de\/wp-json\/wp\/v2\/pages"}],"about":[{"href":"https:\/\/www.mark.com.pl\/de\/wp-json\/wp\/v2\/types\/page"}],"author":[{"embeddable":true,"href":"https:\/\/www.mark.com.pl\/de\/wp-json\/wp\/v2\/users\/1"}],"replies":[{"embeddable":true,"href":"https:\/\/www.mark.com.pl\/de\/wp-json\/wp\/v2\/comments?post=104"}],"version-history":[{"count":37,"href":"https:\/\/www.mark.com.pl\/de\/wp-json\/wp\/v2\/pages\/104\/revisions"}],"predecessor-version":[{"id":832,"href":"https:\/\/www.mark.com.pl\/de\/wp-json\/wp\/v2\/pages\/104\/revisions\/832"}],"wp:attachment":[{"href":"https:\/\/www.mark.com.pl\/de\/wp-json\/wp\/v2\/media?parent=104"}],"curies":[{"name":"wp","href":"https:\/\/api.w.org\/{rel}","templated":true}]}}